{"id":6469,"date":"2025-01-30T19:44:19","date_gmt":"2025-01-31T00:44:19","guid":{"rendered":"https:\/\/pencilead.com\/produit\/gourde-en-plastique-snug-plush"},"modified":"2025-01-30T23:40:06","modified_gmt":"2025-01-31T04:40:06","slug":"gourde-en-plastique-snug-plush","status":"publish","type":"product","link":"https:\/\/pencilead.com\/en\/product\/gourde-en-plastique-snug-plush","title":{"rendered":"Gourde en plastique &#8211; Snug Plush"},"content":{"rendered":"<p>Prix d\u2019exp\u00e9dition (Fournisseur) :<br \/>\nC$ 7.59-C$ 21.49<\/p>\n<p>Restez hydrat\u00e9.e gr\u00e2ce \u00e0 cette grande bouteille d&rsquo;eau. Son goulot large facilite l&rsquo;ajout de gla\u00e7ons ou de fruits, et sa poign\u00e9e facilite le transport. Id\u00e9ale pour un usage quotidien, les activit\u00e9s de plein air et vos s\u00e9ances de sport.<\/p>\n<p>\u2022 Mat\u00e9riau\u00a0: Tritan (plastique sans BPA)<br \/>\n\u2022 Capacit\u00e9\u00a0: 940\u00a0ml (32\u00a0oz)<br \/>\n\u2022 Dimensions\u00a0: 21\u00a0\u00d7\u00a09\u00a0cm (8,27\u00a0\u00d7\u00a03,54\u00a0\u00ab\u00a0)<br \/>\n\u2022 Goulot large<br \/>\n\u2022 Poign\u00e9e<\/p>\n<p><em><strong>Avertissement\u00a0: Le produit n&rsquo;est pas adapt\u00e9 au lave-vaisselle ni au micro-ondes. Lavage \u00e0 la main uniquement.<\/strong><\/em><\/p>","protected":false},"excerpt":{"rendered":"<p><strong>C&rsquo;est important de vous hydrater, avec Snug Plush, c&rsquo;est encore mieux !<\/strong><\/p>\n<p>Procurez vous la gourde \u00e0 l&rsquo;effigie de Snug Plush pour vos s\u00e9ances de sport\u00a0 !<\/p>","protected":false},"featured_media":6471,"template":"","meta":[],"product_brand":[],"product_cat":[60],"product_tag":[],"class_list":{"0":"post-6469","1":"product","2":"type-product","3":"status-publish","4":"has-post-thumbnail","6":"product_cat-accessoires","8":"first","9":"instock","10":"shipping-taxable","11":"purchasable","12":"product-type-simple"},"yoast_head":"<!-- This site is optimized with the Yoast SEO plugin v27.4 - https:\/\/yoast.com\/product\/yoast-seo-wordpress\/ -->\n<title>Gourde en plastique - Snug Plush - .pencilead<\/title>\n<meta name=\"robots\" content=\"index, follow, max-snippet:-1, max-image-preview:large, max-video-preview:-1\" \/>\n<link rel=\"canonical\" href=\"https:\/\/pencilead.com\/en\/product\/gourde-en-plastique-snug-plush\/\" \/>\n<meta property=\"og:locale\" content=\"en_US\" \/>\n<meta property=\"og:type\" content=\"article\" \/>\n<meta property=\"og:title\" content=\"Gourde en plastique - Snug Plush - .pencilead\" \/>\n<meta property=\"og:description\" content=\"C&#039;est important de vous hydrater, avec Snug Plush, c&#039;est encore mieux !  Procurez vous la gourde \u00e0 l&#039;effigie de Snug Plush pour vos s\u00e9ances de sport\u00a0 !\" \/>\n<meta property=\"og:url\" content=\"https:\/\/pencilead.com\/en\/product\/gourde-en-plastique-snug-plush\/\" \/>\n<meta property=\"og:site_name\" content=\".pencilead\" \/>\n<meta property=\"article:modified_time\" content=\"2025-01-31T04:40:06+00:00\" \/>\n<meta property=\"og:image\" content=\"https:\/\/pencilead.com\/wp-content\/uploads\/2025\/01\/wide-mouth-plastic-water-bottle-red-32-oz-front-679c1cd80c875.jpg\" \/>\n\t<meta property=\"og:image:width\" content=\"2000\" \/>\n\t<meta property=\"og:image:height\" content=\"2000\" \/>\n\t<meta property=\"og:image:type\" content=\"image\/jpeg\" \/>\n<meta name=\"twitter:card\" content=\"summary_large_image\" \/>\n<meta name=\"twitter:label1\" content=\"Est. reading time\" \/>\n\t<meta name=\"twitter:data1\" content=\"1 minute\" \/>\n<script type=\"application\/ld+json\" class=\"yoast-schema-graph\">{\"@context\":\"https:\\\/\\\/schema.org\",\"@graph\":[{\"@type\":\"WebPage\",\"@id\":\"https:\\\/\\\/pencilead.com\\\/produit\\\/gourde-en-plastique-snug-plush\",\"url\":\"https:\\\/\\\/pencilead.com\\\/produit\\\/gourde-en-plastique-snug-plush\",\"name\":\"Gourde en plastique - Snug Plush - .pencilead\",\"isPartOf\":{\"@id\":\"https:\\\/\\\/pencilead.com\\\/#website\"},\"primaryImageOfPage\":{\"@id\":\"https:\\\/\\\/pencilead.com\\\/produit\\\/gourde-en-plastique-snug-plush#primaryimage\"},\"image\":{\"@id\":\"https:\\\/\\\/pencilead.com\\\/produit\\\/gourde-en-plastique-snug-plush#primaryimage\"},\"thumbnailUrl\":\"https:\\\/\\\/pencilead.com\\\/wp-content\\\/uploads\\\/2025\\\/01\\\/wide-mouth-plastic-water-bottle-red-32-oz-front-679c1cd80c875.jpg\",\"datePublished\":\"2025-01-31T00:44:19+00:00\",\"dateModified\":\"2025-01-31T04:40:06+00:00\",\"breadcrumb\":{\"@id\":\"https:\\\/\\\/pencilead.com\\\/produit\\\/gourde-en-plastique-snug-plush#breadcrumb\"},\"inLanguage\":\"en-CA\",\"potentialAction\":[{\"@type\":\"ReadAction\",\"target\":[\"https:\\\/\\\/pencilead.com\\\/produit\\\/gourde-en-plastique-snug-plush\"]}]},{\"@type\":\"ImageObject\",\"inLanguage\":\"en-CA\",\"@id\":\"https:\\\/\\\/pencilead.com\\\/produit\\\/gourde-en-plastique-snug-plush#primaryimage\",\"url\":\"https:\\\/\\\/pencilead.com\\\/wp-content\\\/uploads\\\/2025\\\/01\\\/wide-mouth-plastic-water-bottle-red-32-oz-front-679c1cd80c875.jpg\",\"contentUrl\":\"https:\\\/\\\/pencilead.com\\\/wp-content\\\/uploads\\\/2025\\\/01\\\/wide-mouth-plastic-water-bottle-red-32-oz-front-679c1cd80c875.jpg\",\"width\":2000,\"height\":2000},{\"@type\":\"BreadcrumbList\",\"@id\":\"https:\\\/\\\/pencilead.com\\\/produit\\\/gourde-en-plastique-snug-plush#breadcrumb\",\"itemListElement\":[{\"@type\":\"ListItem\",\"position\":1,\"name\":\"Accueil\",\"item\":\"https:\\\/\\\/pencilead.com\\\/\"},{\"@type\":\"ListItem\",\"position\":2,\"name\":\"Boutique\",\"item\":\"https:\\\/\\\/pencilead.com\\\/?page_id=27\"},{\"@type\":\"ListItem\",\"position\":3,\"name\":\"Gourde en plastique &#8211; Snug Plush\"}]},{\"@type\":\"WebSite\",\"@id\":\"https:\\\/\\\/pencilead.com\\\/#website\",\"url\":\"https:\\\/\\\/pencilead.com\\\/\",\"name\":\".pencilead\",\"description\":\".by Nicolas Aguilay\",\"potentialAction\":[{\"@type\":\"SearchAction\",\"target\":{\"@type\":\"EntryPoint\",\"urlTemplate\":\"https:\\\/\\\/pencilead.com\\\/?s={search_term_string}\"},\"query-input\":{\"@type\":\"PropertyValueSpecification\",\"valueRequired\":true,\"valueName\":\"search_term_string\"}}],\"inLanguage\":\"en-CA\"}]}<\/script>\n<!-- \/ Yoast SEO plugin. -->","yoast_head_json":{"title":"Gourde en plastique - Snug Plush - .pencilead","robots":{"index":"index","follow":"follow","max-snippet":"max-snippet:-1","max-image-preview":"max-image-preview:large","max-video-preview":"max-video-preview:-1"},"canonical":"https:\/\/pencilead.com\/en\/product\/gourde-en-plastique-snug-plush\/","og_locale":"en_US","og_type":"article","og_title":"Gourde en plastique - Snug Plush - .pencilead","og_description":"C'est important de vous hydrater, avec Snug Plush, c'est encore mieux !  Procurez vous la gourde \u00e0 l'effigie de Snug Plush pour vos s\u00e9ances de sport\u00a0 !","og_url":"https:\/\/pencilead.com\/en\/product\/gourde-en-plastique-snug-plush\/","og_site_name":".pencilead","article_modified_time":"2025-01-31T04:40:06+00:00","og_image":[{"width":2000,"height":2000,"url":"https:\/\/pencilead.com\/wp-content\/uploads\/2025\/01\/wide-mouth-plastic-water-bottle-red-32-oz-front-679c1cd80c875.jpg","type":"image\/jpeg"}],"twitter_card":"summary_large_image","twitter_misc":{"Est. reading time":"1 minute"},"schema":{"@context":"https:\/\/schema.org","@graph":[{"@type":"WebPage","@id":"https:\/\/pencilead.com\/produit\/gourde-en-plastique-snug-plush","url":"https:\/\/pencilead.com\/produit\/gourde-en-plastique-snug-plush","name":"Gourde en plastique - Snug Plush - .pencilead","isPartOf":{"@id":"https:\/\/pencilead.com\/#website"},"primaryImageOfPage":{"@id":"https:\/\/pencilead.com\/produit\/gourde-en-plastique-snug-plush#primaryimage"},"image":{"@id":"https:\/\/pencilead.com\/produit\/gourde-en-plastique-snug-plush#primaryimage"},"thumbnailUrl":"https:\/\/pencilead.com\/wp-content\/uploads\/2025\/01\/wide-mouth-plastic-water-bottle-red-32-oz-front-679c1cd80c875.jpg","datePublished":"2025-01-31T00:44:19+00:00","dateModified":"2025-01-31T04:40:06+00:00","breadcrumb":{"@id":"https:\/\/pencilead.com\/produit\/gourde-en-plastique-snug-plush#breadcrumb"},"inLanguage":"en-CA","potentialAction":[{"@type":"ReadAction","target":["https:\/\/pencilead.com\/produit\/gourde-en-plastique-snug-plush"]}]},{"@type":"ImageObject","inLanguage":"en-CA","@id":"https:\/\/pencilead.com\/produit\/gourde-en-plastique-snug-plush#primaryimage","url":"https:\/\/pencilead.com\/wp-content\/uploads\/2025\/01\/wide-mouth-plastic-water-bottle-red-32-oz-front-679c1cd80c875.jpg","contentUrl":"https:\/\/pencilead.com\/wp-content\/uploads\/2025\/01\/wide-mouth-plastic-water-bottle-red-32-oz-front-679c1cd80c875.jpg","width":2000,"height":2000},{"@type":"BreadcrumbList","@id":"https:\/\/pencilead.com\/produit\/gourde-en-plastique-snug-plush#breadcrumb","itemListElement":[{"@type":"ListItem","position":1,"name":"Accueil","item":"https:\/\/pencilead.com\/"},{"@type":"ListItem","position":2,"name":"Boutique","item":"https:\/\/pencilead.com\/?page_id=27"},{"@type":"ListItem","position":3,"name":"Gourde en plastique &#8211; Snug Plush"}]},{"@type":"WebSite","@id":"https:\/\/pencilead.com\/#website","url":"https:\/\/pencilead.com\/","name":".pencilead","description":".by Nicolas Aguilay","potentialAction":[{"@type":"SearchAction","target":{"@type":"EntryPoint","urlTemplate":"https:\/\/pencilead.com\/?s={search_term_string}"},"query-input":{"@type":"PropertyValueSpecification","valueRequired":true,"valueName":"search_term_string"}}],"inLanguage":"en-CA"}]}},"_links":{"self":[{"href":"https:\/\/pencilead.com\/en\/wp-json\/wp\/v2\/product\/6469","targetHints":{"allow":["GET"]}}],"collection":[{"href":"https:\/\/pencilead.com\/en\/wp-json\/wp\/v2\/product"}],"about":[{"href":"https:\/\/pencilead.com\/en\/wp-json\/wp\/v2\/types\/product"}],"wp:featuredmedia":[{"embeddable":true,"href":"https:\/\/pencilead.com\/en\/wp-json\/wp\/v2\/media\/6471"}],"wp:attachment":[{"href":"https:\/\/pencilead.com\/en\/wp-json\/wp\/v2\/media?parent=6469"}],"wp:term":[{"taxonomy":"product_brand","embeddable":true,"href":"https:\/\/pencilead.com\/en\/wp-json\/wp\/v2\/product_brand?post=6469"},{"taxonomy":"product_cat","embeddable":true,"href":"https:\/\/pencilead.com\/en\/wp-json\/wp\/v2\/product_cat?post=6469"},{"taxonomy":"product_tag","embeddable":true,"href":"https:\/\/pencilead.com\/en\/wp-json\/wp\/v2\/product_tag?post=6469"}],"curies":[{"name":"wp","href":"https:\/\/api.w.org\/{rel}","templated":true}]}}