{"id":6434,"date":"2025-01-29T18:07:46","date_gmt":"2025-01-29T23:07:46","guid":{"rendered":"https:\/\/pencilead.com\/produit\/sweat-shirt-snug-plush-premiere-collection-team-dark"},"modified":"2025-01-29T18:11:03","modified_gmt":"2025-01-29T23:11:03","slug":"sweat-shirt-snug-plush-premiere-collection-team-dark","status":"publish","type":"product","link":"https:\/\/pencilead.com\/en\/product\/sweat-shirt-snug-plush-premiere-collection-team-dark","title":{"rendered":"Sweat Shirt \u2013 Snug Plush ( Premi\u00e8re collection ! ) \u2013 Team Dark"},"content":{"rendered":"<p><strong>S M L XL2 XL3 XL<\/strong><\/p>\n<p>Prix d\u2019exp\u00e9dition Printful (Fournisseur) :<br \/>\nC$ 7.59-C$ 21.49<\/p>\n<p>Sweat \u00e0 capuche unisexe classique avec une poche avant et des cordons de serrage plats assortis.<br \/>\nL\u2019ext\u00e9rieur en 100 % coton rend ce sweat \u00e0 capuche doux au toucher.<\/p>\n<p>65 % de coton fil\u00e9 \u00e0 l\u2019anneau, 35 % de polyester<br \/>\nLe Charcoal Heather est compos\u00e9 de 60 % de coton fil\u00e9 \u00e0 l\u2019anneau et de 40 % de polyester<br \/>\nLe Carbon Grey est compos\u00e9 de 55 % de coton fil\u00e9 \u00e0 l\u2019anneau et de 45 % de polyester<br \/>\nFace 100 % coton<br \/>\nPoids du tissu : 8,5 oz\/yd. \u00b2 (288,2 g\/m\u00b2)<br \/>\nPoche avant<br \/>\nPatch dans le m\u00eame tissu \u00e0 l\u2019arri\u00e8re<br \/>\nCordons de serrage plats assortis<br \/>\nCapuche \u00e0 3 panneaux<br \/>\n\u00c9tiquette d\u00e9tachable<\/p>\n<p><strong><em>Ce produit est fabriqu\u00e9 \u00e0 la demande. Pas de quantit\u00e9 minimum.<\/em><\/strong><\/p>\n<p><strong>Soyez confortable comme une peluche !<\/strong><\/p>","protected":false},"excerpt":{"rendered":"<p><strong>Soyez confortable comme une peluche !<\/strong><\/p>\n<p>Procurez vous le tout nouveau hoodie Team-Dark de Snug Plush !<\/p>","protected":false},"featured_media":6305,"template":"","meta":[],"product_brand":[],"product_cat":[52],"product_tag":[],"class_list":{"0":"post-6434","1":"product","2":"type-product","3":"status-publish","4":"has-post-thumbnail","6":"product_cat-hoodie","8":"first","9":"instock","10":"shipping-taxable","11":"purchasable","12":"product-type-variable"},"yoast_head":"<!-- This site is optimized with the Yoast SEO plugin v27.4 - https:\/\/yoast.com\/product\/yoast-seo-wordpress\/ -->\n<title>Sweat Shirt \u2013 Snug Plush ( Premi\u00e8re collection ! ) \u2013 Team Dark - .pencilead<\/title>\n<meta name=\"robots\" content=\"index, follow, max-snippet:-1, max-image-preview:large, max-video-preview:-1\" \/>\n<link rel=\"canonical\" href=\"https:\/\/pencilead.com\/en\/product\/sweat-shirt-snug-plush-premiere-collection-team-dark\/\" \/>\n<meta property=\"og:locale\" content=\"en_US\" \/>\n<meta property=\"og:type\" content=\"article\" \/>\n<meta property=\"og:title\" content=\"Sweat Shirt \u2013 Snug Plush ( Premi\u00e8re collection ! ) \u2013 Team Dark - .pencilead\" \/>\n<meta property=\"og:description\" content=\"Soyez confortable comme une peluche !  Procurez vous le tout nouveau hoodie Team-Dark de Snug Plush !\" \/>\n<meta property=\"og:url\" content=\"https:\/\/pencilead.com\/en\/product\/sweat-shirt-snug-plush-premiere-collection-team-dark\/\" \/>\n<meta property=\"og:site_name\" content=\".pencilead\" \/>\n<meta property=\"article:modified_time\" content=\"2025-01-29T23:11:03+00:00\" \/>\n<meta property=\"og:image\" content=\"https:\/\/pencilead.com\/wp-content\/uploads\/2025\/01\/unisex-premium-hoodie-black-front-6798614b49584.jpg\" \/>\n\t<meta property=\"og:image:width\" content=\"1000\" \/>\n\t<meta property=\"og:image:height\" content=\"1000\" \/>\n\t<meta property=\"og:image:type\" content=\"image\/jpeg\" \/>\n<meta name=\"twitter:card\" content=\"summary_large_image\" \/>\n<meta name=\"twitter:label1\" content=\"Est. reading time\" \/>\n\t<meta name=\"twitter:data1\" content=\"1 minute\" \/>\n<script type=\"application\/ld+json\" class=\"yoast-schema-graph\">{\"@context\":\"https:\\\/\\\/schema.org\",\"@graph\":[{\"@type\":\"WebPage\",\"@id\":\"https:\\\/\\\/pencilead.com\\\/produit\\\/sweat-shirt-snug-plush-premiere-collection-team-dark\",\"url\":\"https:\\\/\\\/pencilead.com\\\/produit\\\/sweat-shirt-snug-plush-premiere-collection-team-dark\",\"name\":\"Sweat Shirt \u2013 Snug Plush ( Premi\u00e8re collection ! ) \u2013 Team Dark - .pencilead\",\"isPartOf\":{\"@id\":\"https:\\\/\\\/pencilead.com\\\/#website\"},\"primaryImageOfPage\":{\"@id\":\"https:\\\/\\\/pencilead.com\\\/produit\\\/sweat-shirt-snug-plush-premiere-collection-team-dark#primaryimage\"},\"image\":{\"@id\":\"https:\\\/\\\/pencilead.com\\\/produit\\\/sweat-shirt-snug-plush-premiere-collection-team-dark#primaryimage\"},\"thumbnailUrl\":\"https:\\\/\\\/pencilead.com\\\/wp-content\\\/uploads\\\/2025\\\/01\\\/unisex-premium-hoodie-black-front-6798614b49584.jpg\",\"datePublished\":\"2025-01-29T23:07:46+00:00\",\"dateModified\":\"2025-01-29T23:11:03+00:00\",\"breadcrumb\":{\"@id\":\"https:\\\/\\\/pencilead.com\\\/produit\\\/sweat-shirt-snug-plush-premiere-collection-team-dark#breadcrumb\"},\"inLanguage\":\"en-CA\",\"potentialAction\":[{\"@type\":\"ReadAction\",\"target\":[\"https:\\\/\\\/pencilead.com\\\/produit\\\/sweat-shirt-snug-plush-premiere-collection-team-dark\"]}]},{\"@type\":\"ImageObject\",\"inLanguage\":\"en-CA\",\"@id\":\"https:\\\/\\\/pencilead.com\\\/produit\\\/sweat-shirt-snug-plush-premiere-collection-team-dark#primaryimage\",\"url\":\"https:\\\/\\\/pencilead.com\\\/wp-content\\\/uploads\\\/2025\\\/01\\\/unisex-premium-hoodie-black-front-6798614b49584.jpg\",\"contentUrl\":\"https:\\\/\\\/pencilead.com\\\/wp-content\\\/uploads\\\/2025\\\/01\\\/unisex-premium-hoodie-black-front-6798614b49584.jpg\",\"width\":1000,\"height\":1000},{\"@type\":\"BreadcrumbList\",\"@id\":\"https:\\\/\\\/pencilead.com\\\/produit\\\/sweat-shirt-snug-plush-premiere-collection-team-dark#breadcrumb\",\"itemListElement\":[{\"@type\":\"ListItem\",\"position\":1,\"name\":\"Accueil\",\"item\":\"https:\\\/\\\/pencilead.com\\\/\"},{\"@type\":\"ListItem\",\"position\":2,\"name\":\"Boutique\",\"item\":\"https:\\\/\\\/pencilead.com\\\/?page_id=27\"},{\"@type\":\"ListItem\",\"position\":3,\"name\":\"Sweat Shirt \u2013 Snug Plush ( Premi\u00e8re collection ! ) \u2013 Team Dark\"}]},{\"@type\":\"WebSite\",\"@id\":\"https:\\\/\\\/pencilead.com\\\/#website\",\"url\":\"https:\\\/\\\/pencilead.com\\\/\",\"name\":\".pencilead\",\"description\":\".by Nicolas Aguilay\",\"potentialAction\":[{\"@type\":\"SearchAction\",\"target\":{\"@type\":\"EntryPoint\",\"urlTemplate\":\"https:\\\/\\\/pencilead.com\\\/?s={search_term_string}\"},\"query-input\":{\"@type\":\"PropertyValueSpecification\",\"valueRequired\":true,\"valueName\":\"search_term_string\"}}],\"inLanguage\":\"en-CA\"}]}<\/script>\n<!-- \/ Yoast SEO plugin. -->","yoast_head_json":{"title":"Sweat Shirt \u2013 Snug Plush ( Premi\u00e8re collection ! ) \u2013 Team Dark - .pencilead","robots":{"index":"index","follow":"follow","max-snippet":"max-snippet:-1","max-image-preview":"max-image-preview:large","max-video-preview":"max-video-preview:-1"},"canonical":"https:\/\/pencilead.com\/en\/product\/sweat-shirt-snug-plush-premiere-collection-team-dark\/","og_locale":"en_US","og_type":"article","og_title":"Sweat Shirt \u2013 Snug Plush ( Premi\u00e8re collection ! ) \u2013 Team Dark - .pencilead","og_description":"Soyez confortable comme une peluche !  Procurez vous le tout nouveau hoodie Team-Dark de Snug Plush !","og_url":"https:\/\/pencilead.com\/en\/product\/sweat-shirt-snug-plush-premiere-collection-team-dark\/","og_site_name":".pencilead","article_modified_time":"2025-01-29T23:11:03+00:00","og_image":[{"width":1000,"height":1000,"url":"https:\/\/pencilead.com\/wp-content\/uploads\/2025\/01\/unisex-premium-hoodie-black-front-6798614b49584.jpg","type":"image\/jpeg"}],"twitter_card":"summary_large_image","twitter_misc":{"Est. reading time":"1 minute"},"schema":{"@context":"https:\/\/schema.org","@graph":[{"@type":"WebPage","@id":"https:\/\/pencilead.com\/produit\/sweat-shirt-snug-plush-premiere-collection-team-dark","url":"https:\/\/pencilead.com\/produit\/sweat-shirt-snug-plush-premiere-collection-team-dark","name":"Sweat Shirt \u2013 Snug Plush ( Premi\u00e8re collection ! ) \u2013 Team Dark - .pencilead","isPartOf":{"@id":"https:\/\/pencilead.com\/#website"},"primaryImageOfPage":{"@id":"https:\/\/pencilead.com\/produit\/sweat-shirt-snug-plush-premiere-collection-team-dark#primaryimage"},"image":{"@id":"https:\/\/pencilead.com\/produit\/sweat-shirt-snug-plush-premiere-collection-team-dark#primaryimage"},"thumbnailUrl":"https:\/\/pencilead.com\/wp-content\/uploads\/2025\/01\/unisex-premium-hoodie-black-front-6798614b49584.jpg","datePublished":"2025-01-29T23:07:46+00:00","dateModified":"2025-01-29T23:11:03+00:00","breadcrumb":{"@id":"https:\/\/pencilead.com\/produit\/sweat-shirt-snug-plush-premiere-collection-team-dark#breadcrumb"},"inLanguage":"en-CA","potentialAction":[{"@type":"ReadAction","target":["https:\/\/pencilead.com\/produit\/sweat-shirt-snug-plush-premiere-collection-team-dark"]}]},{"@type":"ImageObject","inLanguage":"en-CA","@id":"https:\/\/pencilead.com\/produit\/sweat-shirt-snug-plush-premiere-collection-team-dark#primaryimage","url":"https:\/\/pencilead.com\/wp-content\/uploads\/2025\/01\/unisex-premium-hoodie-black-front-6798614b49584.jpg","contentUrl":"https:\/\/pencilead.com\/wp-content\/uploads\/2025\/01\/unisex-premium-hoodie-black-front-6798614b49584.jpg","width":1000,"height":1000},{"@type":"BreadcrumbList","@id":"https:\/\/pencilead.com\/produit\/sweat-shirt-snug-plush-premiere-collection-team-dark#breadcrumb","itemListElement":[{"@type":"ListItem","position":1,"name":"Accueil","item":"https:\/\/pencilead.com\/"},{"@type":"ListItem","position":2,"name":"Boutique","item":"https:\/\/pencilead.com\/?page_id=27"},{"@type":"ListItem","position":3,"name":"Sweat Shirt \u2013 Snug Plush ( Premi\u00e8re collection ! ) \u2013 Team Dark"}]},{"@type":"WebSite","@id":"https:\/\/pencilead.com\/#website","url":"https:\/\/pencilead.com\/","name":".pencilead","description":".by Nicolas Aguilay","potentialAction":[{"@type":"SearchAction","target":{"@type":"EntryPoint","urlTemplate":"https:\/\/pencilead.com\/?s={search_term_string}"},"query-input":{"@type":"PropertyValueSpecification","valueRequired":true,"valueName":"search_term_string"}}],"inLanguage":"en-CA"}]}},"_links":{"self":[{"href":"https:\/\/pencilead.com\/en\/wp-json\/wp\/v2\/product\/6434","targetHints":{"allow":["GET"]}}],"collection":[{"href":"https:\/\/pencilead.com\/en\/wp-json\/wp\/v2\/product"}],"about":[{"href":"https:\/\/pencilead.com\/en\/wp-json\/wp\/v2\/types\/product"}],"wp:featuredmedia":[{"embeddable":true,"href":"https:\/\/pencilead.com\/en\/wp-json\/wp\/v2\/media\/6305"}],"wp:attachment":[{"href":"https:\/\/pencilead.com\/en\/wp-json\/wp\/v2\/media?parent=6434"}],"wp:term":[{"taxonomy":"product_brand","embeddable":true,"href":"https:\/\/pencilead.com\/en\/wp-json\/wp\/v2\/product_brand?post=6434"},{"taxonomy":"product_cat","embeddable":true,"href":"https:\/\/pencilead.com\/en\/wp-json\/wp\/v2\/product_cat?post=6434"},{"taxonomy":"product_tag","embeddable":true,"href":"https:\/\/pencilead.com\/en\/wp-json\/wp\/v2\/product_tag?post=6434"}],"curies":[{"name":"wp","href":"https:\/\/api.w.org\/{rel}","templated":true}]}}