{"id":6399,"date":"2025-01-28T20:50:32","date_gmt":"2025-01-29T01:50:32","guid":{"rendered":"https:\/\/pencilead.com\/produit\/sweat-a-capuche-unisexe"},"modified":"2025-01-30T22:29:46","modified_gmt":"2025-01-31T03:29:46","slug":"sweat-shirt-team-red-2","status":"publish","type":"product","link":"https:\/\/pencilead.com\/en\/product\/sweat-shirt-team-red-2","title":{"rendered":"Sweat Shirt &#8211; Snug Plush ( Premi\u00e8re collection ! ) &#8211; Team Red"},"content":{"rendered":"<p><strong>S M L XL2 XL3 XL<\/strong><\/p>\n<p>Prix d\u2019exp\u00e9dition (Fournisseur) :<br \/>\nC$ 7.59-C$ 21.49<\/p>\n<p>Sweat \u00e0 capuche unisexe classique avec une poche avant et des cordons de serrage plats assortis.<br \/>\nL\u2019ext\u00e9rieur en 100 % coton rend ce sweat \u00e0 capuche doux au toucher.<\/p>\n<p>65 % de coton fil\u00e9 \u00e0 l\u2019anneau, 35 % de polyester<br \/>\nLe Charcoal Heather est compos\u00e9 de 60 % de coton fil\u00e9 \u00e0 l\u2019anneau et de 40 % de polyester<br \/>\nLe Carbon Grey est compos\u00e9 de 55 % de coton fil\u00e9 \u00e0 l\u2019anneau et de 45 % de polyester<br \/>\nFace 100 % coton<br \/>\nPoids du tissu : 8,5 oz\/yd. \u00b2 (288,2 g\/m\u00b2)<br \/>\nPoche avant<br \/>\nPatch dans le m\u00eame tissu \u00e0 l\u2019arri\u00e8re<br \/>\nCordons de serrage plats assortis<br \/>\nCapuche \u00e0 3 panneaux<br \/>\n\u00c9tiquette d\u00e9tachable<\/p>\n<p><strong><em>Ce produit est fabriqu\u00e9 \u00e0 la demande. Pas de quantit\u00e9 minimum.<\/em><\/strong><\/p>\n<p><strong>Soyez confortable comme une peluche !<\/strong><\/p>","protected":false},"excerpt":{"rendered":"<p><strong>Soyez confortable comme une peluche !<\/strong><\/p>\n<p>Procurez vous le tout nouveau hoodie Team-Red de Snug Plush !<\/p>","protected":false},"featured_media":6268,"template":"","meta":[],"product_brand":[],"product_cat":[52],"product_tag":[],"class_list":{"0":"post-6399","1":"product","2":"type-product","3":"status-publish","4":"has-post-thumbnail","6":"product_cat-hoodie","8":"first","9":"instock","10":"shipping-taxable","11":"purchasable","12":"product-type-variable"},"yoast_head":"<!-- This site is optimized with the Yoast SEO plugin v27.4 - https:\/\/yoast.com\/product\/yoast-seo-wordpress\/ -->\n<title>Sweat Shirt - Snug Plush ( Premi\u00e8re collection ! ) - Team Red - .pencilead<\/title>\n<meta name=\"robots\" content=\"index, follow, max-snippet:-1, max-image-preview:large, max-video-preview:-1\" \/>\n<link rel=\"canonical\" href=\"https:\/\/pencilead.com\/en\/product\/sweat-shirt-team-red-2\/\" \/>\n<meta property=\"og:locale\" content=\"en_US\" \/>\n<meta property=\"og:type\" content=\"article\" \/>\n<meta property=\"og:title\" content=\"Sweat Shirt - Snug Plush ( Premi\u00e8re collection ! ) - Team Red - .pencilead\" \/>\n<meta property=\"og:description\" content=\"Soyez confortable comme une peluche !  Procurez vous le tout nouveau hoodie Team-Red de Snug Plush !\" \/>\n<meta property=\"og:url\" content=\"https:\/\/pencilead.com\/en\/product\/sweat-shirt-team-red-2\/\" \/>\n<meta property=\"og:site_name\" content=\".pencilead\" \/>\n<meta property=\"article:modified_time\" content=\"2025-01-31T03:29:46+00:00\" \/>\n<meta property=\"og:image\" content=\"https:\/\/pencilead.com\/wp-content\/uploads\/2025\/01\/Produit-Hoodie-Team-Red.png\" \/>\n\t<meta property=\"og:image:width\" content=\"595\" \/>\n\t<meta property=\"og:image:height\" content=\"606\" \/>\n\t<meta property=\"og:image:type\" content=\"image\/png\" \/>\n<meta name=\"twitter:card\" content=\"summary_large_image\" \/>\n<meta name=\"twitter:label1\" content=\"Est. reading time\" \/>\n\t<meta name=\"twitter:data1\" content=\"1 minute\" \/>\n<script type=\"application\/ld+json\" class=\"yoast-schema-graph\">{\"@context\":\"https:\\\/\\\/schema.org\",\"@graph\":[{\"@type\":\"WebPage\",\"@id\":\"https:\\\/\\\/pencilead.com\\\/produit\\\/sweat-shirt-team-red-2\",\"url\":\"https:\\\/\\\/pencilead.com\\\/produit\\\/sweat-shirt-team-red-2\",\"name\":\"Sweat Shirt - Snug Plush ( Premi\u00e8re collection ! ) - Team Red - .pencilead\",\"isPartOf\":{\"@id\":\"https:\\\/\\\/pencilead.com\\\/#website\"},\"primaryImageOfPage\":{\"@id\":\"https:\\\/\\\/pencilead.com\\\/produit\\\/sweat-shirt-team-red-2#primaryimage\"},\"image\":{\"@id\":\"https:\\\/\\\/pencilead.com\\\/produit\\\/sweat-shirt-team-red-2#primaryimage\"},\"thumbnailUrl\":\"https:\\\/\\\/pencilead.com\\\/wp-content\\\/uploads\\\/2025\\\/01\\\/Produit-Hoodie-Team-Red.png\",\"datePublished\":\"2025-01-29T01:50:32+00:00\",\"dateModified\":\"2025-01-31T03:29:46+00:00\",\"breadcrumb\":{\"@id\":\"https:\\\/\\\/pencilead.com\\\/produit\\\/sweat-shirt-team-red-2#breadcrumb\"},\"inLanguage\":\"en-CA\",\"potentialAction\":[{\"@type\":\"ReadAction\",\"target\":[\"https:\\\/\\\/pencilead.com\\\/produit\\\/sweat-shirt-team-red-2\"]}]},{\"@type\":\"ImageObject\",\"inLanguage\":\"en-CA\",\"@id\":\"https:\\\/\\\/pencilead.com\\\/produit\\\/sweat-shirt-team-red-2#primaryimage\",\"url\":\"https:\\\/\\\/pencilead.com\\\/wp-content\\\/uploads\\\/2025\\\/01\\\/Produit-Hoodie-Team-Red.png\",\"contentUrl\":\"https:\\\/\\\/pencilead.com\\\/wp-content\\\/uploads\\\/2025\\\/01\\\/Produit-Hoodie-Team-Red.png\",\"width\":595,\"height\":606,\"caption\":\"Produit Hoodie - Team Red\"},{\"@type\":\"BreadcrumbList\",\"@id\":\"https:\\\/\\\/pencilead.com\\\/produit\\\/sweat-shirt-team-red-2#breadcrumb\",\"itemListElement\":[{\"@type\":\"ListItem\",\"position\":1,\"name\":\"Accueil\",\"item\":\"https:\\\/\\\/pencilead.com\\\/\"},{\"@type\":\"ListItem\",\"position\":2,\"name\":\"Boutique\",\"item\":\"https:\\\/\\\/pencilead.com\\\/?page_id=27\"},{\"@type\":\"ListItem\",\"position\":3,\"name\":\"Sweat Shirt &#8211; Snug Plush ( Premi\u00e8re collection ! ) &#8211; Team Red\"}]},{\"@type\":\"WebSite\",\"@id\":\"https:\\\/\\\/pencilead.com\\\/#website\",\"url\":\"https:\\\/\\\/pencilead.com\\\/\",\"name\":\".pencilead\",\"description\":\".by Nicolas Aguilay\",\"potentialAction\":[{\"@type\":\"SearchAction\",\"target\":{\"@type\":\"EntryPoint\",\"urlTemplate\":\"https:\\\/\\\/pencilead.com\\\/?s={search_term_string}\"},\"query-input\":{\"@type\":\"PropertyValueSpecification\",\"valueRequired\":true,\"valueName\":\"search_term_string\"}}],\"inLanguage\":\"en-CA\"}]}<\/script>\n<!-- \/ Yoast SEO plugin. -->","yoast_head_json":{"title":"Sweat Shirt - Snug Plush ( Premi\u00e8re collection ! ) - Team Red - .pencilead","robots":{"index":"index","follow":"follow","max-snippet":"max-snippet:-1","max-image-preview":"max-image-preview:large","max-video-preview":"max-video-preview:-1"},"canonical":"https:\/\/pencilead.com\/en\/product\/sweat-shirt-team-red-2\/","og_locale":"en_US","og_type":"article","og_title":"Sweat Shirt - Snug Plush ( Premi\u00e8re collection ! ) - Team Red - .pencilead","og_description":"Soyez confortable comme une peluche !  Procurez vous le tout nouveau hoodie Team-Red de Snug Plush !","og_url":"https:\/\/pencilead.com\/en\/product\/sweat-shirt-team-red-2\/","og_site_name":".pencilead","article_modified_time":"2025-01-31T03:29:46+00:00","og_image":[{"width":595,"height":606,"url":"https:\/\/pencilead.com\/wp-content\/uploads\/2025\/01\/Produit-Hoodie-Team-Red.png","type":"image\/png"}],"twitter_card":"summary_large_image","twitter_misc":{"Est. reading time":"1 minute"},"schema":{"@context":"https:\/\/schema.org","@graph":[{"@type":"WebPage","@id":"https:\/\/pencilead.com\/produit\/sweat-shirt-team-red-2","url":"https:\/\/pencilead.com\/produit\/sweat-shirt-team-red-2","name":"Sweat Shirt - Snug Plush ( Premi\u00e8re collection ! ) - Team Red - .pencilead","isPartOf":{"@id":"https:\/\/pencilead.com\/#website"},"primaryImageOfPage":{"@id":"https:\/\/pencilead.com\/produit\/sweat-shirt-team-red-2#primaryimage"},"image":{"@id":"https:\/\/pencilead.com\/produit\/sweat-shirt-team-red-2#primaryimage"},"thumbnailUrl":"https:\/\/pencilead.com\/wp-content\/uploads\/2025\/01\/Produit-Hoodie-Team-Red.png","datePublished":"2025-01-29T01:50:32+00:00","dateModified":"2025-01-31T03:29:46+00:00","breadcrumb":{"@id":"https:\/\/pencilead.com\/produit\/sweat-shirt-team-red-2#breadcrumb"},"inLanguage":"en-CA","potentialAction":[{"@type":"ReadAction","target":["https:\/\/pencilead.com\/produit\/sweat-shirt-team-red-2"]}]},{"@type":"ImageObject","inLanguage":"en-CA","@id":"https:\/\/pencilead.com\/produit\/sweat-shirt-team-red-2#primaryimage","url":"https:\/\/pencilead.com\/wp-content\/uploads\/2025\/01\/Produit-Hoodie-Team-Red.png","contentUrl":"https:\/\/pencilead.com\/wp-content\/uploads\/2025\/01\/Produit-Hoodie-Team-Red.png","width":595,"height":606,"caption":"Produit Hoodie - Team Red"},{"@type":"BreadcrumbList","@id":"https:\/\/pencilead.com\/produit\/sweat-shirt-team-red-2#breadcrumb","itemListElement":[{"@type":"ListItem","position":1,"name":"Accueil","item":"https:\/\/pencilead.com\/"},{"@type":"ListItem","position":2,"name":"Boutique","item":"https:\/\/pencilead.com\/?page_id=27"},{"@type":"ListItem","position":3,"name":"Sweat Shirt &#8211; Snug Plush ( Premi\u00e8re collection ! ) &#8211; Team Red"}]},{"@type":"WebSite","@id":"https:\/\/pencilead.com\/#website","url":"https:\/\/pencilead.com\/","name":".pencilead","description":".by Nicolas Aguilay","potentialAction":[{"@type":"SearchAction","target":{"@type":"EntryPoint","urlTemplate":"https:\/\/pencilead.com\/?s={search_term_string}"},"query-input":{"@type":"PropertyValueSpecification","valueRequired":true,"valueName":"search_term_string"}}],"inLanguage":"en-CA"}]}},"_links":{"self":[{"href":"https:\/\/pencilead.com\/en\/wp-json\/wp\/v2\/product\/6399","targetHints":{"allow":["GET"]}}],"collection":[{"href":"https:\/\/pencilead.com\/en\/wp-json\/wp\/v2\/product"}],"about":[{"href":"https:\/\/pencilead.com\/en\/wp-json\/wp\/v2\/types\/product"}],"wp:featuredmedia":[{"embeddable":true,"href":"https:\/\/pencilead.com\/en\/wp-json\/wp\/v2\/media\/6268"}],"wp:attachment":[{"href":"https:\/\/pencilead.com\/en\/wp-json\/wp\/v2\/media?parent=6399"}],"wp:term":[{"taxonomy":"product_brand","embeddable":true,"href":"https:\/\/pencilead.com\/en\/wp-json\/wp\/v2\/product_brand?post=6399"},{"taxonomy":"product_cat","embeddable":true,"href":"https:\/\/pencilead.com\/en\/wp-json\/wp\/v2\/product_cat?post=6399"},{"taxonomy":"product_tag","embeddable":true,"href":"https:\/\/pencilead.com\/en\/wp-json\/wp\/v2\/product_tag?post=6399"}],"curies":[{"name":"wp","href":"https:\/\/api.w.org\/{rel}","templated":true}]}}