{"id":5317,"date":"2023-09-05T01:15:59","date_gmt":"2023-09-05T05:15:59","guid":{"rendered":"https:\/\/pencilead.com\/?page_id=5317"},"modified":"2023-09-05T03:35:10","modified_gmt":"2023-09-05T07:35:10","slug":"odg","status":"publish","type":"page","link":"https:\/\/pencilead.com\/en\/odg","title":{"rendered":"ODG | L&rsquo;ordre des Designers Graphiques"},"content":{"rendered":"<p><div class=\"fusion-fullwidth fullwidth-box fusion-builder-row-1 fusion-flex-container has-pattern-background has-mask-background hundred-percent-fullwidth non-hundred-percent-height-scrolling\" style=\"--awb-border-radius-top-left:0px;--awb-border-radius-top-right:0px;--awb-border-radius-bottom-right:0px;--awb-border-radius-bottom-left:0px;--awb-padding-right:32px;--awb-padding-left:32px;--awb-flex-wrap:wrap;\" ><div class=\"fusion-builder-row fusion-row fusion-flex-align-items-flex-start fusion-flex-content-wrap\" style=\"width:104% !important;max-width:104% !important;margin-left: calc(-4% \/ 2 );margin-right: calc(-4% \/ 2 );\"><div class=\"fusion-layout-column fusion_builder_column fusion-builder-column-0 fusion_builder_column_1_1 1_1 fusion-flex-column\" style=\"--awb-padding-top:18px;--awb-bg-size:cover;--awb-width-large:100%;--awb-margin-top-large:0px;--awb-spacing-right-large:1.92%;--awb-margin-bottom-large:20px;--awb-spacing-left-large:1.92%;--awb-width-medium:100%;--awb-order-medium:0;--awb-spacing-right-medium:1.92%;--awb-spacing-left-medium:1.92%;--awb-width-small:100%;--awb-order-small:0;--awb-spacing-right-small:1.92%;--awb-spacing-left-small:1.92%;\"><div class=\"fusion-column-wrapper fusion-column-has-shadow fusion-flex-justify-content-flex-start fusion-content-layout-column\"><div class=\"fusion-title title fusion-title-1 fusion-no-small-visibility fusion-sep-none fusion-title-text fusion-title-size-two\" style=\"--awb-margin-top-small:10px;--awb-margin-right-small:0px;--awb-margin-bottom-small:10px;--awb-margin-left-small:0px;--awb-font-size:var(--awb-typography2-font-size);\"><h2 class=\"fusion-title-heading title-heading-left\" style=\"font-family:var(--awb-typography2-font-family);font-weight:var(--awb-typography2-font-weight);font-style:var(--awb-typography2-font-style);margin:0;letter-spacing:var(--awb-typography2-letter-spacing);text-transform:var(--awb-typography2-text-transform);font-size:1em;line-height:var(--awb-typography2-line-height);\">Quel est le but de l&rsquo;ODG ?<\/h2><\/div><div class=\"fusion-title title fusion-title-2 fusion-no-medium-visibility fusion-no-large-visibility fusion-sep-none fusion-title-text fusion-title-size-two\" style=\"--awb-margin-top-small:10px;--awb-margin-right-small:0px;--awb-margin-bottom-small:10px;--awb-margin-left-small:0px;--awb-font-size:44px;\"><h2 class=\"fusion-title-heading title-heading-left\" style=\"font-family:var(--awb-typography2-font-family);font-weight:var(--awb-typography2-font-weight);font-style:var(--awb-typography2-font-style);margin:0;letter-spacing:var(--awb-typography2-letter-spacing);text-transform:var(--awb-typography2-text-transform);font-size:1em;line-height:var(--awb-typography2-line-height);\">Quel est le but de l&rsquo;ODG ?<\/h2><\/div><div class=\"fusion-text fusion-text-1\" style=\"--awb-font-size:16px;--awb-line-height:var(--awb-typography4-line-height);--awb-letter-spacing:var(--awb-typography4-letter-spacing);--awb-text-transform:var(--awb-typography4-text-transform);--awb-text-color:var(--awb-color7);--awb-margin-top:16px;--awb-text-font-family:&quot;Open Sans&quot;;--awb-text-font-style:normal;--awb-text-font-weight:400;\"><h4>L&rsquo;ordre des Designers Graphiques est un projet qui a pour but de faire reconna\u00eetre le m\u00e9tier de graphiste comme un secteur professionnel plus honorable et moins pr\u00e9caire qu&rsquo;il ne l&rsquo;est aujourd&rsquo;hui.<\/h4>\n<div class=\"x11i5rnm xat24cr x1mh8g0r x1vvkbs xtlvy1s x126k92a\">\n<div dir=\"auto\">Au m\u00eame titre que la m\u00e9decine ou le secteur du droit. Il est important de commencer \u00e0 changer l&rsquo;opinion publique envers ce domaine, consid\u00e9r\u00e9 comme trop pr\u00e9caire et m\u00eame pour certains non-connaisseurs, un loisir plus qu&rsquo;un r\u00e9el m\u00e9tier.<\/div>\n<div dir=\"auto\">&nbsp;<\/div>\n<div dir=\"auto\">Notre but est de faire valoir nos comp\u00e9tences et surtout de prouver que ce monde du design graphique n\u00e9cessite une expertise et un savoir-faire s\u00e9rieux !<\/div>\n<\/div>\n<div class=\"x11i5rnm xat24cr x1mh8g0r x1vvkbs xtlvy1s x126k92a\">\n<div dir=\"auto\">&nbsp;<\/div>\n<\/div>\n<div class=\"x11i5rnm xat24cr x1mh8g0r x1vvkbs xtlvy1s x126k92a\">\n<div dir=\"auto\">A nous de travailler ensemble pour faire de ce secteur un domaine professionnel honorable !<\/div>\n<\/div>\n<\/div><\/div><\/div><\/div><\/div><div class=\"fusion-fullwidth fullwidth-box fusion-builder-row-2 fusion-flex-container has-pattern-background has-mask-background hundred-percent-fullwidth non-hundred-percent-height-scrolling\" style=\"--awb-border-radius-top-left:0px;--awb-border-radius-top-right:0px;--awb-border-radius-bottom-right:0px;--awb-border-radius-bottom-left:0px;--awb-padding-right:32px;--awb-padding-bottom:48px;--awb-padding-left:32px;--awb-flex-wrap:wrap;\" ><div class=\"fusion-builder-row fusion-row fusion-flex-align-items-flex-start fusion-flex-content-wrap\" style=\"width:104% !important;max-width:104% !important;margin-left: calc(-4% \/ 2 );margin-right: calc(-4% \/ 2 );\"><div class=\"fusion-layout-column fusion_builder_column fusion-builder-column-1 fusion_builder_column_1_1 1_1 fusion-flex-column\" style=\"--awb-padding-top:18px;--awb-bg-size:cover;--awb-width-large:100%;--awb-margin-top-large:0px;--awb-spacing-right-large:1.92%;--awb-margin-bottom-large:20px;--awb-spacing-left-large:1.92%;--awb-width-medium:100%;--awb-order-medium:0;--awb-spacing-right-medium:1.92%;--awb-spacing-left-medium:1.92%;--awb-width-small:100%;--awb-order-small:0;--awb-spacing-right-small:1.92%;--awb-spacing-left-small:1.92%;\"><div class=\"fusion-column-wrapper fusion-column-has-shadow fusion-flex-justify-content-flex-start fusion-content-layout-column\"><div class=\"fusion-title title fusion-title-3 fusion-no-small-visibility fusion-no-medium-visibility fusion-sep-none fusion-title-text fusion-title-size-two\" style=\"--awb-margin-top-small:10px;--awb-margin-right-small:0px;--awb-margin-bottom-small:10px;--awb-margin-left-small:0px;--awb-font-size:var(--awb-typography2-font-size);\"><h2 class=\"fusion-title-heading title-heading-left\" style=\"font-family:var(--awb-typography2-font-family);font-weight:var(--awb-typography2-font-weight);font-style:var(--awb-typography2-font-style);margin:0;letter-spacing:var(--awb-typography2-letter-spacing);text-transform:var(--awb-typography2-text-transform);font-size:1em;line-height:var(--awb-typography2-line-height);\">Venez et rejoignez la communaut\u00e9 !<\/h2><\/div><div class=\"fusion-title title fusion-title-4 fusion-no-medium-visibility fusion-no-large-visibility fusion-sep-none fusion-title-text fusion-title-size-two\" style=\"--awb-margin-top-small:10px;--awb-margin-right-small:0px;--awb-margin-bottom-small:10px;--awb-margin-left-small:0px;--awb-font-size:44px;\"><h2 class=\"fusion-title-heading title-heading-left\" style=\"font-family:var(--awb-typography2-font-family);font-weight:var(--awb-typography2-font-weight);font-style:var(--awb-typography2-font-style);margin:0;letter-spacing:var(--awb-typography2-letter-spacing);text-transform:var(--awb-typography2-text-transform);font-size:1em;line-height:var(--awb-typography2-line-height);\">Venez et rejoignez la communaut\u00e9 !<\/h2><\/div><div class=\"fusion-text fusion-text-2\" style=\"--awb-font-size:16px;--awb-line-height:var(--awb-typography4-line-height);--awb-letter-spacing:var(--awb-typography4-letter-spacing);--awb-text-transform:var(--awb-typography4-text-transform);--awb-text-color:var(--awb-color7);--awb-margin-top:16px;--awb-text-font-family:&quot;Open Sans&quot;;--awb-text-font-style:normal;--awb-text-font-weight:400;\"><h4>Un groupe Facebook a \u00e9t\u00e9 cr\u00e9\u00e9 pour l&rsquo;occasion afin de rassembler une grande communaut\u00e9 autour de cette cause.<\/h4>\n<div class=\"x11i5rnm xat24cr x1mh8g0r x1vvkbs xtlvy1s x126k92a\">\n<div dir=\"auto\">Demandez l&rsquo;adh\u00e9sion ici !<\/div>\n<\/div>\n<\/div><div style=\"text-align:left;\"><a class=\"fusion-button button-flat button-xlarge button-custom fusion-button-default button-1 fusion-button-default-span fusion-button-default-type fusion-has-button-gradient\" style=\"--awb-margin-top:48px;--button_accent_color:var(--awb-color8);--button_border_color:var(--awb-color8);--button_accent_hover_color:var(--awb-color1);--button_border_hover_color:var(--awb-color8);--button_gradient_top_color:var(--awb-custom_color_1);--button_gradient_bottom_color:var(--awb-custom_color_2);--button_gradient:radial-gradient(circle at right top,var(--awb-custom_color_1) 0%,var(--awb-custom_color_2) 100%);--button_gradient_top_color_hover:var(--awb-color8);--button_gradient_bottom_color_hover:var(--awb-color8);--button_typography-font-family:&quot;Open Sans&quot;;--button_typography-font-style:normal;--button_typography-font-weight:600;\" target=\"_blank\" rel=\"noopener noreferrer\" href=\"https:\/\/www.facebook.com\/groups\/3570153839930971\/\"><span class=\"fusion-button-text awb-button__text awb-button__text--default fusion-button-text-right\">Devenir membre de l&rsquo;ODG<\/span><span class=\"fusion-button-icon-divider button-icon-divider-right\"><i class=\"fa-facebook-f fab awb-button__icon awb-button__icon--default\" aria-hidden=\"true\"><\/i><\/span><\/a><\/div><div style=\"text-align:center;\"><a class=\"fusion-button button-flat fusion-button-default-size button-custom fusion-button-default button-2 fusion-button-span-yes fusion-button-default-type fusion-has-button-gradient\" style=\"--awb-margin-top:48px;--button_accent_color:var(--awb-color8);--button_border_color:var(--awb-color8);--button_accent_hover_color:var(--awb-color1);--button_border_hover_color:var(--awb-color8);--button_gradient_top_color:var(--awb-custom_color_1);--button_gradient_bottom_color:var(--awb-custom_color_2);--button_gradient:radial-gradient(circle at right top,var(--awb-custom_color_1) 0%,var(--awb-custom_color_2) 100%);--button_gradient_top_color_hover:var(--awb-color8);--button_gradient_bottom_color_hover:var(--awb-color8);\" target=\"_self\" href=\"https:\/\/pencilead.com\/en\/\"><i class=\"icon-pencileadPencilead-icon_2 awb-button__icon awb-button__icon--default button-icon-left\" aria-hidden=\"true\"><\/i><span class=\"fusion-button-text awb-button__text awb-button__text--default\">Retour sur .pencilead<\/span><\/a><\/div><\/div><\/div><\/div><\/div><\/p>","protected":false},"excerpt":{"rendered":"","protected":false},"author":1,"featured_media":5372,"parent":0,"menu_order":0,"comment_status":"closed","ping_status":"closed","template":"100-width.php","meta":{"footnotes":""},"class_list":["post-5317","page","type-page","status-publish","has-post-thumbnail","hentry"],"yoast_head":"<!-- This site is optimized with the Yoast SEO plugin v27.4 - https:\/\/yoast.com\/product\/yoast-seo-wordpress\/ -->\n<title>ODG | L&#039;ordre des Designers Graphiques - .pencilead<\/title>\n<meta name=\"description\" content=\"L&#039;ordre des Designers Graphiques est un projet qui a pour but de faire reconna\u00eetre le m\u00e9tier de graphiste comme un secteur professionnel plus honorable et moins pr\u00e9caire qu&#039;il ne l&#039;est aujourd&#039;hui.\" \/>\n<meta name=\"robots\" content=\"index, follow, max-snippet:-1, max-image-preview:large, max-video-preview:-1\" \/>\n<link rel=\"canonical\" href=\"https:\/\/pencilead.com\/en\/odg\/\" \/>\n<meta property=\"og:locale\" content=\"en_US\" \/>\n<meta property=\"og:type\" content=\"article\" \/>\n<meta property=\"og:title\" content=\"ODG | L&#039;ordre des Designers Graphiques\" \/>\n<meta property=\"og:description\" content=\"L&#039;ordre des Designers Graphiques est un projet qui a pour but de faire reconna\u00eetre le m\u00e9tier de graphiste comme un secteur professionnel plus honorable et moins pr\u00e9caire qu&#039;il ne l&#039;est aujourd&#039;hui.\" \/>\n<meta property=\"og:url\" content=\"https:\/\/pencilead.com\/en\/odg\/\" \/>\n<meta property=\"og:site_name\" content=\".pencilead\" \/>\n<meta property=\"article:modified_time\" content=\"2023-09-05T07:35:10+00:00\" \/>\n<meta property=\"og:image\" content=\"https:\/\/pencilead.com\/wp-content\/uploads\/2023\/09\/ODG.png\" \/>\n\t<meta property=\"og:image:width\" content=\"1200\" \/>\n\t<meta property=\"og:image:height\" content=\"630\" \/>\n\t<meta property=\"og:image:type\" content=\"image\/png\" \/>\n<meta name=\"twitter:card\" content=\"summary_large_image\" \/>\n<meta name=\"twitter:label1\" content=\"Est. reading time\" \/>\n\t<meta name=\"twitter:data1\" content=\"4 minutes\" \/>\n<script type=\"application\/ld+json\" class=\"yoast-schema-graph\">{\"@context\":\"https:\\\/\\\/schema.org\",\"@graph\":[{\"@type\":\"WebPage\",\"@id\":\"https:\\\/\\\/pencilead.com\\\/odg\",\"url\":\"https:\\\/\\\/pencilead.com\\\/odg\",\"name\":\"ODG | L'ordre des Designers Graphiques - .pencilead\",\"isPartOf\":{\"@id\":\"https:\\\/\\\/pencilead.com\\\/#website\"},\"primaryImageOfPage\":{\"@id\":\"https:\\\/\\\/pencilead.com\\\/odg#primaryimage\"},\"image\":{\"@id\":\"https:\\\/\\\/pencilead.com\\\/odg#primaryimage\"},\"thumbnailUrl\":\"https:\\\/\\\/pencilead.com\\\/wp-content\\\/uploads\\\/2023\\\/09\\\/ODG.png\",\"datePublished\":\"2023-09-05T05:15:59+00:00\",\"dateModified\":\"2023-09-05T07:35:10+00:00\",\"description\":\"L'ordre des Designers Graphiques est un projet qui a pour but de faire reconna\u00eetre le m\u00e9tier de graphiste comme un secteur professionnel plus honorable et moins pr\u00e9caire qu'il ne l'est aujourd'hui.\",\"breadcrumb\":{\"@id\":\"https:\\\/\\\/pencilead.com\\\/odg#breadcrumb\"},\"inLanguage\":\"en-CA\",\"potentialAction\":[{\"@type\":\"ReadAction\",\"target\":[\"https:\\\/\\\/pencilead.com\\\/odg\"]}]},{\"@type\":\"ImageObject\",\"inLanguage\":\"en-CA\",\"@id\":\"https:\\\/\\\/pencilead.com\\\/odg#primaryimage\",\"url\":\"https:\\\/\\\/pencilead.com\\\/wp-content\\\/uploads\\\/2023\\\/09\\\/ODG.png\",\"contentUrl\":\"https:\\\/\\\/pencilead.com\\\/wp-content\\\/uploads\\\/2023\\\/09\\\/ODG.png\",\"width\":1200,\"height\":630,\"caption\":\"ODG\"},{\"@type\":\"BreadcrumbList\",\"@id\":\"https:\\\/\\\/pencilead.com\\\/odg#breadcrumb\",\"itemListElement\":[{\"@type\":\"ListItem\",\"position\":1,\"name\":\"Accueil\",\"item\":\"https:\\\/\\\/pencilead.com\\\/\"},{\"@type\":\"ListItem\",\"position\":2,\"name\":\"ODG | L&rsquo;ordre des Designers Graphiques\"}]},{\"@type\":\"WebSite\",\"@id\":\"https:\\\/\\\/pencilead.com\\\/#website\",\"url\":\"https:\\\/\\\/pencilead.com\\\/\",\"name\":\".pencilead\",\"description\":\".by Nicolas Aguilay\",\"potentialAction\":[{\"@type\":\"SearchAction\",\"target\":{\"@type\":\"EntryPoint\",\"urlTemplate\":\"https:\\\/\\\/pencilead.com\\\/?s={search_term_string}\"},\"query-input\":{\"@type\":\"PropertyValueSpecification\",\"valueRequired\":true,\"valueName\":\"search_term_string\"}}],\"inLanguage\":\"en-CA\"}]}<\/script>\n<!-- \/ Yoast SEO plugin. -->","yoast_head_json":{"title":"ODG | L'ordre des Designers Graphiques - .pencilead","description":"L'ordre des Designers Graphiques est un projet qui a pour but de faire reconna\u00eetre le m\u00e9tier de graphiste comme un secteur professionnel plus honorable et moins pr\u00e9caire qu'il ne l'est aujourd'hui.","robots":{"index":"index","follow":"follow","max-snippet":"max-snippet:-1","max-image-preview":"max-image-preview:large","max-video-preview":"max-video-preview:-1"},"canonical":"https:\/\/pencilead.com\/en\/odg\/","og_locale":"en_US","og_type":"article","og_title":"ODG | L'ordre des Designers Graphiques","og_description":"L'ordre des Designers Graphiques est un projet qui a pour but de faire reconna\u00eetre le m\u00e9tier de graphiste comme un secteur professionnel plus honorable et moins pr\u00e9caire qu'il ne l'est aujourd'hui.","og_url":"https:\/\/pencilead.com\/en\/odg\/","og_site_name":".pencilead","article_modified_time":"2023-09-05T07:35:10+00:00","og_image":[{"width":1200,"height":630,"url":"https:\/\/pencilead.com\/wp-content\/uploads\/2023\/09\/ODG.png","type":"image\/png"}],"twitter_card":"summary_large_image","twitter_misc":{"Est. reading time":"4 minutes"},"schema":{"@context":"https:\/\/schema.org","@graph":[{"@type":"WebPage","@id":"https:\/\/pencilead.com\/odg","url":"https:\/\/pencilead.com\/odg","name":"ODG | L'ordre des Designers Graphiques - .pencilead","isPartOf":{"@id":"https:\/\/pencilead.com\/#website"},"primaryImageOfPage":{"@id":"https:\/\/pencilead.com\/odg#primaryimage"},"image":{"@id":"https:\/\/pencilead.com\/odg#primaryimage"},"thumbnailUrl":"https:\/\/pencilead.com\/wp-content\/uploads\/2023\/09\/ODG.png","datePublished":"2023-09-05T05:15:59+00:00","dateModified":"2023-09-05T07:35:10+00:00","description":"L'ordre des Designers Graphiques est un projet qui a pour but de faire reconna\u00eetre le m\u00e9tier de graphiste comme un secteur professionnel plus honorable et moins pr\u00e9caire qu'il ne l'est aujourd'hui.","breadcrumb":{"@id":"https:\/\/pencilead.com\/odg#breadcrumb"},"inLanguage":"en-CA","potentialAction":[{"@type":"ReadAction","target":["https:\/\/pencilead.com\/odg"]}]},{"@type":"ImageObject","inLanguage":"en-CA","@id":"https:\/\/pencilead.com\/odg#primaryimage","url":"https:\/\/pencilead.com\/wp-content\/uploads\/2023\/09\/ODG.png","contentUrl":"https:\/\/pencilead.com\/wp-content\/uploads\/2023\/09\/ODG.png","width":1200,"height":630,"caption":"ODG"},{"@type":"BreadcrumbList","@id":"https:\/\/pencilead.com\/odg#breadcrumb","itemListElement":[{"@type":"ListItem","position":1,"name":"Accueil","item":"https:\/\/pencilead.com\/"},{"@type":"ListItem","position":2,"name":"ODG | L&rsquo;ordre des Designers Graphiques"}]},{"@type":"WebSite","@id":"https:\/\/pencilead.com\/#website","url":"https:\/\/pencilead.com\/","name":".pencilead","description":".by Nicolas Aguilay","potentialAction":[{"@type":"SearchAction","target":{"@type":"EntryPoint","urlTemplate":"https:\/\/pencilead.com\/?s={search_term_string}"},"query-input":{"@type":"PropertyValueSpecification","valueRequired":true,"valueName":"search_term_string"}}],"inLanguage":"en-CA"}]}},"_links":{"self":[{"href":"https:\/\/pencilead.com\/en\/wp-json\/wp\/v2\/pages\/5317","targetHints":{"allow":["GET"]}}],"collection":[{"href":"https:\/\/pencilead.com\/en\/wp-json\/wp\/v2\/pages"}],"about":[{"href":"https:\/\/pencilead.com\/en\/wp-json\/wp\/v2\/types\/page"}],"author":[{"embeddable":true,"href":"https:\/\/pencilead.com\/en\/wp-json\/wp\/v2\/users\/1"}],"replies":[{"embeddable":true,"href":"https:\/\/pencilead.com\/en\/wp-json\/wp\/v2\/comments?post=5317"}],"version-history":[{"count":20,"href":"https:\/\/pencilead.com\/en\/wp-json\/wp\/v2\/pages\/5317\/revisions"}],"predecessor-version":[{"id":5378,"href":"https:\/\/pencilead.com\/en\/wp-json\/wp\/v2\/pages\/5317\/revisions\/5378"}],"wp:featuredmedia":[{"embeddable":true,"href":"https:\/\/pencilead.com\/en\/wp-json\/wp\/v2\/media\/5372"}],"wp:attachment":[{"href":"https:\/\/pencilead.com\/en\/wp-json\/wp\/v2\/media?parent=5317"}],"curies":[{"name":"wp","href":"https:\/\/api.w.org\/{rel}","templated":true}]}}